{"id":55,"date":"2023-10-25T13:43:57","date_gmt":"2023-10-25T13:43:57","guid":{"rendered":"https:\/\/www.jezdeckyklubmnisek.cz\/?page_id=55"},"modified":"2026-03-16T14:33:38","modified_gmt":"2026-03-16T14:33:38","slug":"akce","status":"publish","type":"page","link":"https:\/\/www.jezdeckyklubmnisek.cz\/?page_id=55","title":{"rendered":"Akce"},"content":{"rendered":"<div class=\"wp-block-image\">\n<figure class=\"aligncenter size-large\"><img loading=\"lazy\" decoding=\"async\" width=\"683\" height=\"1024\" src=\"https:\/\/www.jezdeckyklubmnisek.cz\/wp-content\/uploads\/2026\/03\/sebevedomi-staj-683x1024.jpeg\" alt=\"\" class=\"wp-image-156\" srcset=\"https:\/\/www.jezdeckyklubmnisek.cz\/wp-content\/uploads\/2026\/03\/sebevedomi-staj-683x1024.jpeg 683w, https:\/\/www.jezdeckyklubmnisek.cz\/wp-content\/uploads\/2026\/03\/sebevedomi-staj-200x300.jpeg 200w, https:\/\/www.jezdeckyklubmnisek.cz\/wp-content\/uploads\/2026\/03\/sebevedomi-staj-768x1152.jpeg 768w, https:\/\/www.jezdeckyklubmnisek.cz\/wp-content\/uploads\/2026\/03\/sebevedomi-staj.jpeg 1024w\" sizes=\"auto, (max-width: 683px) 100vw, 683px\" \/><\/figure>\n<\/div>\n\n\n<figure class=\"wp-block-image size-large\"><img loading=\"lazy\" decoding=\"async\" width=\"683\" height=\"1024\" src=\"https:\/\/www.jezdeckyklubmnisek.cz\/wp-content\/uploads\/2025\/04\/projizdky-na-konich-683x1024.jpg\" alt=\"\" class=\"wp-image-133\" srcset=\"https:\/\/www.jezdeckyklubmnisek.cz\/wp-content\/uploads\/2025\/04\/projizdky-na-konich-683x1024.jpg 683w, https:\/\/www.jezdeckyklubmnisek.cz\/wp-content\/uploads\/2025\/04\/projizdky-na-konich-200x300.jpg 200w, https:\/\/www.jezdeckyklubmnisek.cz\/wp-content\/uploads\/2025\/04\/projizdky-na-konich-768x1152.jpg 768w, https:\/\/www.jezdeckyklubmnisek.cz\/wp-content\/uploads\/2025\/04\/projizdky-na-konich.jpg 1024w\" sizes=\"auto, (max-width: 683px) 100vw, 683px\" \/><\/figure>\n","protected":false},"excerpt":{"rendered":"","protected":false},"author":1,"featured_media":0,"parent":0,"menu_order":0,"comment_status":"closed","ping_status":"closed","template":"","meta":{"footnotes":""},"class_list":["post-55","page","type-page","status-publish","hentry"],"yoast_head":"<!-- This site is optimized with the Yoast SEO plugin v27.5 - https:\/\/yoast.com\/product\/yoast-seo-wordpress\/ -->\n<title>Akce - jezdeckyklubmnisek.cz<\/title>\n<meta name=\"robots\" content=\"index, follow, max-snippet:-1, max-image-preview:large, max-video-preview:-1\" \/>\n<link rel=\"canonical\" href=\"https:\/\/www.jezdeckyklubmnisek.cz\/?page_id=55\" \/>\n<meta property=\"og:locale\" content=\"cs_CZ\" \/>\n<meta property=\"og:type\" content=\"article\" \/>\n<meta property=\"og:title\" content=\"Akce - jezdeckyklubmnisek.cz\" \/>\n<meta property=\"og:url\" content=\"https:\/\/www.jezdeckyklubmnisek.cz\/?page_id=55\" \/>\n<meta property=\"og:site_name\" content=\"jezdeckyklubmnisek.cz\" \/>\n<meta property=\"article:modified_time\" content=\"2026-03-16T14:33:38+00:00\" \/>\n<meta property=\"og:image\" content=\"https:\/\/www.jezdeckyklubmnisek.cz\/wp-content\/uploads\/2026\/03\/sebevedomi-staj.jpeg\" \/>\n\t<meta property=\"og:image:width\" content=\"1024\" \/>\n\t<meta property=\"og:image:height\" content=\"1536\" \/>\n\t<meta property=\"og:image:type\" content=\"image\/jpeg\" \/>\n<meta name=\"twitter:card\" content=\"summary_large_image\" \/>\n<meta name=\"twitter:label1\" content=\"Odhadovan\u00e1 doba \u010dten\u00ed\" \/>\n\t<meta name=\"twitter:data1\" content=\"1 minuta\" \/>\n<script type=\"application\/ld+json\" class=\"yoast-schema-graph\">{\"@context\":\"https:\\\/\\\/schema.org\",\"@graph\":[{\"@type\":\"WebPage\",\"@id\":\"https:\\\/\\\/www.jezdeckyklubmnisek.cz\\\/?page_id=55\",\"url\":\"https:\\\/\\\/www.jezdeckyklubmnisek.cz\\\/?page_id=55\",\"name\":\"Akce - jezdeckyklubmnisek.cz\",\"isPartOf\":{\"@id\":\"https:\\\/\\\/www.jezdeckyklubmnisek.cz\\\/#website\"},\"primaryImageOfPage\":{\"@id\":\"https:\\\/\\\/www.jezdeckyklubmnisek.cz\\\/?page_id=55#primaryimage\"},\"image\":{\"@id\":\"https:\\\/\\\/www.jezdeckyklubmnisek.cz\\\/?page_id=55#primaryimage\"},\"thumbnailUrl\":\"https:\\\/\\\/www.jezdeckyklubmnisek.cz\\\/wp-content\\\/uploads\\\/2026\\\/03\\\/sebevedomi-staj-683x1024.jpeg\",\"datePublished\":\"2023-10-25T13:43:57+00:00\",\"dateModified\":\"2026-03-16T14:33:38+00:00\",\"breadcrumb\":{\"@id\":\"https:\\\/\\\/www.jezdeckyklubmnisek.cz\\\/?page_id=55#breadcrumb\"},\"inLanguage\":\"cs\",\"potentialAction\":[{\"@type\":\"ReadAction\",\"target\":[\"https:\\\/\\\/www.jezdeckyklubmnisek.cz\\\/?page_id=55\"]}]},{\"@type\":\"ImageObject\",\"inLanguage\":\"cs\",\"@id\":\"https:\\\/\\\/www.jezdeckyklubmnisek.cz\\\/?page_id=55#primaryimage\",\"url\":\"https:\\\/\\\/www.jezdeckyklubmnisek.cz\\\/wp-content\\\/uploads\\\/2026\\\/03\\\/sebevedomi-staj.jpeg\",\"contentUrl\":\"https:\\\/\\\/www.jezdeckyklubmnisek.cz\\\/wp-content\\\/uploads\\\/2026\\\/03\\\/sebevedomi-staj.jpeg\",\"width\":1024,\"height\":1536},{\"@type\":\"BreadcrumbList\",\"@id\":\"https:\\\/\\\/www.jezdeckyklubmnisek.cz\\\/?page_id=55#breadcrumb\",\"itemListElement\":[{\"@type\":\"ListItem\",\"position\":1,\"name\":\"Dom\u016f\",\"item\":\"https:\\\/\\\/www.jezdeckyklubmnisek.cz\\\/\"},{\"@type\":\"ListItem\",\"position\":2,\"name\":\"Akce\"}]},{\"@type\":\"WebSite\",\"@id\":\"https:\\\/\\\/www.jezdeckyklubmnisek.cz\\\/#website\",\"url\":\"https:\\\/\\\/www.jezdeckyklubmnisek.cz\\\/\",\"name\":\"jezdeckyklubmnisek.cz\",\"description\":\"\",\"potentialAction\":[{\"@type\":\"SearchAction\",\"target\":{\"@type\":\"EntryPoint\",\"urlTemplate\":\"https:\\\/\\\/www.jezdeckyklubmnisek.cz\\\/?s={search_term_string}\"},\"query-input\":{\"@type\":\"PropertyValueSpecification\",\"valueRequired\":true,\"valueName\":\"search_term_string\"}}],\"inLanguage\":\"cs\"}]}<\/script>\n<!-- \/ Yoast SEO plugin. -->","yoast_head_json":{"title":"Akce - jezdeckyklubmnisek.cz","robots":{"index":"index","follow":"follow","max-snippet":"max-snippet:-1","max-image-preview":"max-image-preview:large","max-video-preview":"max-video-preview:-1"},"canonical":"https:\/\/www.jezdeckyklubmnisek.cz\/?page_id=55","og_locale":"cs_CZ","og_type":"article","og_title":"Akce - jezdeckyklubmnisek.cz","og_url":"https:\/\/www.jezdeckyklubmnisek.cz\/?page_id=55","og_site_name":"jezdeckyklubmnisek.cz","article_modified_time":"2026-03-16T14:33:38+00:00","og_image":[{"width":1024,"height":1536,"url":"https:\/\/www.jezdeckyklubmnisek.cz\/wp-content\/uploads\/2026\/03\/sebevedomi-staj.jpeg","type":"image\/jpeg"}],"twitter_card":"summary_large_image","twitter_misc":{"Odhadovan\u00e1 doba \u010dten\u00ed":"1 minuta"},"schema":{"@context":"https:\/\/schema.org","@graph":[{"@type":"WebPage","@id":"https:\/\/www.jezdeckyklubmnisek.cz\/?page_id=55","url":"https:\/\/www.jezdeckyklubmnisek.cz\/?page_id=55","name":"Akce - jezdeckyklubmnisek.cz","isPartOf":{"@id":"https:\/\/www.jezdeckyklubmnisek.cz\/#website"},"primaryImageOfPage":{"@id":"https:\/\/www.jezdeckyklubmnisek.cz\/?page_id=55#primaryimage"},"image":{"@id":"https:\/\/www.jezdeckyklubmnisek.cz\/?page_id=55#primaryimage"},"thumbnailUrl":"https:\/\/www.jezdeckyklubmnisek.cz\/wp-content\/uploads\/2026\/03\/sebevedomi-staj-683x1024.jpeg","datePublished":"2023-10-25T13:43:57+00:00","dateModified":"2026-03-16T14:33:38+00:00","breadcrumb":{"@id":"https:\/\/www.jezdeckyklubmnisek.cz\/?page_id=55#breadcrumb"},"inLanguage":"cs","potentialAction":[{"@type":"ReadAction","target":["https:\/\/www.jezdeckyklubmnisek.cz\/?page_id=55"]}]},{"@type":"ImageObject","inLanguage":"cs","@id":"https:\/\/www.jezdeckyklubmnisek.cz\/?page_id=55#primaryimage","url":"https:\/\/www.jezdeckyklubmnisek.cz\/wp-content\/uploads\/2026\/03\/sebevedomi-staj.jpeg","contentUrl":"https:\/\/www.jezdeckyklubmnisek.cz\/wp-content\/uploads\/2026\/03\/sebevedomi-staj.jpeg","width":1024,"height":1536},{"@type":"BreadcrumbList","@id":"https:\/\/www.jezdeckyklubmnisek.cz\/?page_id=55#breadcrumb","itemListElement":[{"@type":"ListItem","position":1,"name":"Dom\u016f","item":"https:\/\/www.jezdeckyklubmnisek.cz\/"},{"@type":"ListItem","position":2,"name":"Akce"}]},{"@type":"WebSite","@id":"https:\/\/www.jezdeckyklubmnisek.cz\/#website","url":"https:\/\/www.jezdeckyklubmnisek.cz\/","name":"jezdeckyklubmnisek.cz","description":"","potentialAction":[{"@type":"SearchAction","target":{"@type":"EntryPoint","urlTemplate":"https:\/\/www.jezdeckyklubmnisek.cz\/?s={search_term_string}"},"query-input":{"@type":"PropertyValueSpecification","valueRequired":true,"valueName":"search_term_string"}}],"inLanguage":"cs"}]}},"_links":{"self":[{"href":"https:\/\/www.jezdeckyklubmnisek.cz\/index.php?rest_route=\/wp\/v2\/pages\/55","targetHints":{"allow":["GET"]}}],"collection":[{"href":"https:\/\/www.jezdeckyklubmnisek.cz\/index.php?rest_route=\/wp\/v2\/pages"}],"about":[{"href":"https:\/\/www.jezdeckyklubmnisek.cz\/index.php?rest_route=\/wp\/v2\/types\/page"}],"author":[{"embeddable":true,"href":"https:\/\/www.jezdeckyklubmnisek.cz\/index.php?rest_route=\/wp\/v2\/users\/1"}],"replies":[{"embeddable":true,"href":"https:\/\/www.jezdeckyklubmnisek.cz\/index.php?rest_route=%2Fwp%2Fv2%2Fcomments&post=55"}],"version-history":[{"count":3,"href":"https:\/\/www.jezdeckyklubmnisek.cz\/index.php?rest_route=\/wp\/v2\/pages\/55\/revisions"}],"predecessor-version":[{"id":157,"href":"https:\/\/www.jezdeckyklubmnisek.cz\/index.php?rest_route=\/wp\/v2\/pages\/55\/revisions\/157"}],"wp:attachment":[{"href":"https:\/\/www.jezdeckyklubmnisek.cz\/index.php?rest_route=%2Fwp%2Fv2%2Fmedia&parent=55"}],"curies":[{"name":"wp","href":"https:\/\/api.w.org\/{rel}","templated":true}]}}