{"id":67,"date":"2023-10-25T13:50:01","date_gmt":"2023-10-25T13:50:01","guid":{"rendered":"https:\/\/www.jezdeckyklubmnisek.cz\/?page_id=67"},"modified":"2023-10-25T13:50:01","modified_gmt":"2023-10-25T13:50:01","slug":"pro-skolky","status":"publish","type":"page","link":"https:\/\/www.jezdeckyklubmnisek.cz\/?page_id=67","title":{"rendered":"pro \u0161kolky"},"content":{"rendered":"\n<p>\u0161kolk\u00e1m ze \u0161irok\u00e9ho i bl\u00edzk\u00e9ho okol\u00ed nab\u00edz\u00edme mo\u017enost v\u00fdletu na na\u0161i farmu, kde r\u00e1di p\u0159edvedeme nejen kon\u011b, pon\u00edky, nebo ovce, ale tak\u00e9 m\u016f\u017eeme p\u0159ijet do va\u0161\u00ed \u0161kolky s pon\u00edky, nebo jin\u00fdmi zv\u00ed\u0159\u00e1tky. D\u011bti tak maj\u00ed mo\u017enost na vlastn\u00ed smysly poznat zv\u00ed\u0159\u00e1tka nejen virtu\u00e1ln\u00ed. <\/p>\n\n\n\n<p>N\u00e1v\u0161t\u011bvu je mo\u017en\u00e9 dohodnout na na\u0161ich <a href=\"https:\/\/www.jezdeckyklubmnisek.cz\/?page_id=22\" data-type=\"page\" data-id=\"22\">kontaktech<\/a><\/p>\n","protected":false},"excerpt":{"rendered":"<p>\u0161kolk\u00e1m ze \u0161irok\u00e9ho i bl\u00edzk\u00e9ho okol\u00ed nab\u00edz\u00edme mo\u017enost v\u00fdletu na na\u0161i farmu, kde r\u00e1di p\u0159edvedeme nejen kon\u011b, pon\u00edky, nebo ovce, ale tak\u00e9 m\u016f\u017eeme p\u0159ijet do va\u0161\u00ed \u0161kolky s pon\u00edky, nebo jin\u00fdmi zv\u00ed\u0159\u00e1tky. D\u011bti tak maj\u00ed mo\u017enost na vlastn\u00ed smysly poznat zv\u00ed\u0159\u00e1tka nejen virtu\u00e1ln\u00ed. N\u00e1v\u0161t\u011bvu je mo\u017en\u00e9 dohodnout na na\u0161ich kontaktech<\/p>\n","protected":false},"author":1,"featured_media":54,"parent":0,"menu_order":0,"comment_status":"closed","ping_status":"closed","template":"","meta":{"footnotes":""},"class_list":["post-67","page","type-page","status-publish","has-post-thumbnail","hentry"],"yoast_head":"<!-- This site is optimized with the Yoast SEO plugin v27.5 - https:\/\/yoast.com\/product\/yoast-seo-wordpress\/ -->\n<title>pro \u0161kolky - jezdeckyklubmnisek.cz<\/title>\n<meta name=\"robots\" content=\"index, follow, max-snippet:-1, max-image-preview:large, max-video-preview:-1\" \/>\n<link rel=\"canonical\" href=\"https:\/\/www.jezdeckyklubmnisek.cz\/?page_id=67\" \/>\n<meta property=\"og:locale\" content=\"cs_CZ\" \/>\n<meta property=\"og:type\" content=\"article\" \/>\n<meta property=\"og:title\" content=\"pro \u0161kolky - jezdeckyklubmnisek.cz\" \/>\n<meta property=\"og:description\" content=\"\u0161kolk\u00e1m ze \u0161irok\u00e9ho i bl\u00edzk\u00e9ho okol\u00ed nab\u00edz\u00edme mo\u017enost v\u00fdletu na na\u0161i farmu, kde r\u00e1di p\u0159edvedeme nejen kon\u011b, pon\u00edky, nebo ovce, ale tak\u00e9 m\u016f\u017eeme p\u0159ijet do va\u0161\u00ed \u0161kolky s pon\u00edky, nebo jin\u00fdmi zv\u00ed\u0159\u00e1tky. D\u011bti tak maj\u00ed mo\u017enost na vlastn\u00ed smysly poznat zv\u00ed\u0159\u00e1tka nejen virtu\u00e1ln\u00ed. N\u00e1v\u0161t\u011bvu je mo\u017en\u00e9 dohodnout na na\u0161ich kontaktech\" \/>\n<meta property=\"og:url\" content=\"https:\/\/www.jezdeckyklubmnisek.cz\/?page_id=67\" \/>\n<meta property=\"og:site_name\" content=\"jezdeckyklubmnisek.cz\" \/>\n<meta property=\"og:image\" content=\"https:\/\/www.jezdeckyklubmnisek.cz\/wp-content\/uploads\/2023\/10\/kun1_web-scaled.jpg\" \/>\n\t<meta property=\"og:image:width\" content=\"2560\" \/>\n\t<meta property=\"og:image:height\" content=\"1707\" \/>\n\t<meta property=\"og:image:type\" content=\"image\/jpeg\" \/>\n<meta name=\"twitter:card\" content=\"summary_large_image\" \/>\n<script type=\"application\/ld+json\" class=\"yoast-schema-graph\">{\"@context\":\"https:\\\/\\\/schema.org\",\"@graph\":[{\"@type\":\"WebPage\",\"@id\":\"https:\\\/\\\/www.jezdeckyklubmnisek.cz\\\/?page_id=67\",\"url\":\"https:\\\/\\\/www.jezdeckyklubmnisek.cz\\\/?page_id=67\",\"name\":\"pro \u0161kolky - jezdeckyklubmnisek.cz\",\"isPartOf\":{\"@id\":\"https:\\\/\\\/www.jezdeckyklubmnisek.cz\\\/#website\"},\"primaryImageOfPage\":{\"@id\":\"https:\\\/\\\/www.jezdeckyklubmnisek.cz\\\/?page_id=67#primaryimage\"},\"image\":{\"@id\":\"https:\\\/\\\/www.jezdeckyklubmnisek.cz\\\/?page_id=67#primaryimage\"},\"thumbnailUrl\":\"https:\\\/\\\/www.jezdeckyklubmnisek.cz\\\/wp-content\\\/uploads\\\/2023\\\/10\\\/kun1_web-scaled.jpg\",\"datePublished\":\"2023-10-25T13:50:01+00:00\",\"breadcrumb\":{\"@id\":\"https:\\\/\\\/www.jezdeckyklubmnisek.cz\\\/?page_id=67#breadcrumb\"},\"inLanguage\":\"cs\",\"potentialAction\":[{\"@type\":\"ReadAction\",\"target\":[\"https:\\\/\\\/www.jezdeckyklubmnisek.cz\\\/?page_id=67\"]}]},{\"@type\":\"ImageObject\",\"inLanguage\":\"cs\",\"@id\":\"https:\\\/\\\/www.jezdeckyklubmnisek.cz\\\/?page_id=67#primaryimage\",\"url\":\"https:\\\/\\\/www.jezdeckyklubmnisek.cz\\\/wp-content\\\/uploads\\\/2023\\\/10\\\/kun1_web-scaled.jpg\",\"contentUrl\":\"https:\\\/\\\/www.jezdeckyklubmnisek.cz\\\/wp-content\\\/uploads\\\/2023\\\/10\\\/kun1_web-scaled.jpg\",\"width\":2560,\"height\":1707},{\"@type\":\"BreadcrumbList\",\"@id\":\"https:\\\/\\\/www.jezdeckyklubmnisek.cz\\\/?page_id=67#breadcrumb\",\"itemListElement\":[{\"@type\":\"ListItem\",\"position\":1,\"name\":\"Dom\u016f\",\"item\":\"https:\\\/\\\/www.jezdeckyklubmnisek.cz\\\/\"},{\"@type\":\"ListItem\",\"position\":2,\"name\":\"pro \u0161kolky\"}]},{\"@type\":\"WebSite\",\"@id\":\"https:\\\/\\\/www.jezdeckyklubmnisek.cz\\\/#website\",\"url\":\"https:\\\/\\\/www.jezdeckyklubmnisek.cz\\\/\",\"name\":\"jezdeckyklubmnisek.cz\",\"description\":\"\",\"potentialAction\":[{\"@type\":\"SearchAction\",\"target\":{\"@type\":\"EntryPoint\",\"urlTemplate\":\"https:\\\/\\\/www.jezdeckyklubmnisek.cz\\\/?s={search_term_string}\"},\"query-input\":{\"@type\":\"PropertyValueSpecification\",\"valueRequired\":true,\"valueName\":\"search_term_string\"}}],\"inLanguage\":\"cs\"}]}<\/script>\n<!-- \/ Yoast SEO plugin. -->","yoast_head_json":{"title":"pro \u0161kolky - jezdeckyklubmnisek.cz","robots":{"index":"index","follow":"follow","max-snippet":"max-snippet:-1","max-image-preview":"max-image-preview:large","max-video-preview":"max-video-preview:-1"},"canonical":"https:\/\/www.jezdeckyklubmnisek.cz\/?page_id=67","og_locale":"cs_CZ","og_type":"article","og_title":"pro \u0161kolky - jezdeckyklubmnisek.cz","og_description":"\u0161kolk\u00e1m ze \u0161irok\u00e9ho i bl\u00edzk\u00e9ho okol\u00ed nab\u00edz\u00edme mo\u017enost v\u00fdletu na na\u0161i farmu, kde r\u00e1di p\u0159edvedeme nejen kon\u011b, pon\u00edky, nebo ovce, ale tak\u00e9 m\u016f\u017eeme p\u0159ijet do va\u0161\u00ed \u0161kolky s pon\u00edky, nebo jin\u00fdmi zv\u00ed\u0159\u00e1tky. D\u011bti tak maj\u00ed mo\u017enost na vlastn\u00ed smysly poznat zv\u00ed\u0159\u00e1tka nejen virtu\u00e1ln\u00ed. N\u00e1v\u0161t\u011bvu je mo\u017en\u00e9 dohodnout na na\u0161ich kontaktech","og_url":"https:\/\/www.jezdeckyklubmnisek.cz\/?page_id=67","og_site_name":"jezdeckyklubmnisek.cz","og_image":[{"width":2560,"height":1707,"url":"https:\/\/www.jezdeckyklubmnisek.cz\/wp-content\/uploads\/2023\/10\/kun1_web-scaled.jpg","type":"image\/jpeg"}],"twitter_card":"summary_large_image","schema":{"@context":"https:\/\/schema.org","@graph":[{"@type":"WebPage","@id":"https:\/\/www.jezdeckyklubmnisek.cz\/?page_id=67","url":"https:\/\/www.jezdeckyklubmnisek.cz\/?page_id=67","name":"pro \u0161kolky - jezdeckyklubmnisek.cz","isPartOf":{"@id":"https:\/\/www.jezdeckyklubmnisek.cz\/#website"},"primaryImageOfPage":{"@id":"https:\/\/www.jezdeckyklubmnisek.cz\/?page_id=67#primaryimage"},"image":{"@id":"https:\/\/www.jezdeckyklubmnisek.cz\/?page_id=67#primaryimage"},"thumbnailUrl":"https:\/\/www.jezdeckyklubmnisek.cz\/wp-content\/uploads\/2023\/10\/kun1_web-scaled.jpg","datePublished":"2023-10-25T13:50:01+00:00","breadcrumb":{"@id":"https:\/\/www.jezdeckyklubmnisek.cz\/?page_id=67#breadcrumb"},"inLanguage":"cs","potentialAction":[{"@type":"ReadAction","target":["https:\/\/www.jezdeckyklubmnisek.cz\/?page_id=67"]}]},{"@type":"ImageObject","inLanguage":"cs","@id":"https:\/\/www.jezdeckyklubmnisek.cz\/?page_id=67#primaryimage","url":"https:\/\/www.jezdeckyklubmnisek.cz\/wp-content\/uploads\/2023\/10\/kun1_web-scaled.jpg","contentUrl":"https:\/\/www.jezdeckyklubmnisek.cz\/wp-content\/uploads\/2023\/10\/kun1_web-scaled.jpg","width":2560,"height":1707},{"@type":"BreadcrumbList","@id":"https:\/\/www.jezdeckyklubmnisek.cz\/?page_id=67#breadcrumb","itemListElement":[{"@type":"ListItem","position":1,"name":"Dom\u016f","item":"https:\/\/www.jezdeckyklubmnisek.cz\/"},{"@type":"ListItem","position":2,"name":"pro \u0161kolky"}]},{"@type":"WebSite","@id":"https:\/\/www.jezdeckyklubmnisek.cz\/#website","url":"https:\/\/www.jezdeckyklubmnisek.cz\/","name":"jezdeckyklubmnisek.cz","description":"","potentialAction":[{"@type":"SearchAction","target":{"@type":"EntryPoint","urlTemplate":"https:\/\/www.jezdeckyklubmnisek.cz\/?s={search_term_string}"},"query-input":{"@type":"PropertyValueSpecification","valueRequired":true,"valueName":"search_term_string"}}],"inLanguage":"cs"}]}},"_links":{"self":[{"href":"https:\/\/www.jezdeckyklubmnisek.cz\/index.php?rest_route=\/wp\/v2\/pages\/67","targetHints":{"allow":["GET"]}}],"collection":[{"href":"https:\/\/www.jezdeckyklubmnisek.cz\/index.php?rest_route=\/wp\/v2\/pages"}],"about":[{"href":"https:\/\/www.jezdeckyklubmnisek.cz\/index.php?rest_route=\/wp\/v2\/types\/page"}],"author":[{"embeddable":true,"href":"https:\/\/www.jezdeckyklubmnisek.cz\/index.php?rest_route=\/wp\/v2\/users\/1"}],"replies":[{"embeddable":true,"href":"https:\/\/www.jezdeckyklubmnisek.cz\/index.php?rest_route=%2Fwp%2Fv2%2Fcomments&post=67"}],"version-history":[{"count":1,"href":"https:\/\/www.jezdeckyklubmnisek.cz\/index.php?rest_route=\/wp\/v2\/pages\/67\/revisions"}],"predecessor-version":[{"id":68,"href":"https:\/\/www.jezdeckyklubmnisek.cz\/index.php?rest_route=\/wp\/v2\/pages\/67\/revisions\/68"}],"wp:featuredmedia":[{"embeddable":true,"href":"https:\/\/www.jezdeckyklubmnisek.cz\/index.php?rest_route=\/wp\/v2\/media\/54"}],"wp:attachment":[{"href":"https:\/\/www.jezdeckyklubmnisek.cz\/index.php?rest_route=%2Fwp%2Fv2%2Fmedia&parent=67"}],"curies":[{"name":"wp","href":"https:\/\/api.w.org\/{rel}","templated":true}]}}