{"id":73,"date":"2023-10-25T13:56:21","date_gmt":"2023-10-25T13:56:21","guid":{"rendered":"https:\/\/www.jezdeckyklubmnisek.cz\/?page_id=73"},"modified":"2023-10-25T13:56:21","modified_gmt":"2023-10-25T13:56:21","slug":"pro-seniory","status":"publish","type":"page","link":"https:\/\/www.jezdeckyklubmnisek.cz\/?page_id=73","title":{"rendered":"pro seniory"},"content":{"rendered":"\n<p>Senior\u016fm, nebo jejich domov\u016f nab\u00edz\u00edme n\u00e1v\u0161t\u011bvu pony u nich v domov\u011b senior\u016f.<\/p>\n\n\n\n<p>Nic nezvedne tak dob\u0159e n\u00e1ladu, jako mo\u017enost pohlazen\u00ed ponyho na vlastn\u00ed k\u016f\u017ei. <\/p>\n\n\n\n<p>Sebou p\u0159ivezeme tak\u00e9 krmen\u00ed, kter\u00e9 m\u016f\u017eete zv\u00ed\u0159\u00e1tk\u016fm nab\u00eddnout bez toho, aby jim ubl\u00ed\u017eilo. <\/p>\n\n\n\n<p>Objednat term\u00edn a m\u00edsto m\u016f\u017eete na na\u0161ich <a href=\"https:\/\/www.jezdeckyklubmnisek.cz\/?page_id=22\" data-type=\"page\" data-id=\"22\">kontaktech<\/a><\/p>\n","protected":false},"excerpt":{"rendered":"<p>Senior\u016fm, nebo jejich domov\u016f nab\u00edz\u00edme n\u00e1v\u0161t\u011bvu pony u nich v domov\u011b senior\u016f. Nic nezvedne tak dob\u0159e n\u00e1ladu, jako mo\u017enost pohlazen\u00ed ponyho na vlastn\u00ed k\u016f\u017ei. Sebou p\u0159ivezeme tak\u00e9 krmen\u00ed, kter\u00e9 m\u016f\u017eete zv\u00ed\u0159\u00e1tk\u016fm nab\u00eddnout bez toho, aby jim ubl\u00ed\u017eilo. Objednat term\u00edn a m\u00edsto m\u016f\u017eete na na\u0161ich kontaktech<\/p>\n","protected":false},"author":1,"featured_media":54,"parent":0,"menu_order":0,"comment_status":"closed","ping_status":"closed","template":"","meta":{"footnotes":""},"class_list":["post-73","page","type-page","status-publish","has-post-thumbnail","hentry"],"yoast_head":"<!-- This site is optimized with the Yoast SEO plugin v27.5 - https:\/\/yoast.com\/product\/yoast-seo-wordpress\/ -->\n<title>pro seniory - jezdeckyklubmnisek.cz<\/title>\n<meta name=\"robots\" content=\"index, follow, max-snippet:-1, max-image-preview:large, max-video-preview:-1\" \/>\n<link rel=\"canonical\" href=\"https:\/\/www.jezdeckyklubmnisek.cz\/?page_id=73\" \/>\n<meta property=\"og:locale\" content=\"cs_CZ\" \/>\n<meta property=\"og:type\" content=\"article\" \/>\n<meta property=\"og:title\" content=\"pro seniory - jezdeckyklubmnisek.cz\" \/>\n<meta property=\"og:description\" content=\"Senior\u016fm, nebo jejich domov\u016f nab\u00edz\u00edme n\u00e1v\u0161t\u011bvu pony u nich v domov\u011b senior\u016f. Nic nezvedne tak dob\u0159e n\u00e1ladu, jako mo\u017enost pohlazen\u00ed ponyho na vlastn\u00ed k\u016f\u017ei. Sebou p\u0159ivezeme tak\u00e9 krmen\u00ed, kter\u00e9 m\u016f\u017eete zv\u00ed\u0159\u00e1tk\u016fm nab\u00eddnout bez toho, aby jim ubl\u00ed\u017eilo. Objednat term\u00edn a m\u00edsto m\u016f\u017eete na na\u0161ich kontaktech\" \/>\n<meta property=\"og:url\" content=\"https:\/\/www.jezdeckyklubmnisek.cz\/?page_id=73\" \/>\n<meta property=\"og:site_name\" content=\"jezdeckyklubmnisek.cz\" \/>\n<meta property=\"og:image\" content=\"https:\/\/www.jezdeckyklubmnisek.cz\/wp-content\/uploads\/2023\/10\/kun1_web-scaled.jpg\" \/>\n\t<meta property=\"og:image:width\" content=\"2560\" \/>\n\t<meta property=\"og:image:height\" content=\"1707\" \/>\n\t<meta property=\"og:image:type\" content=\"image\/jpeg\" \/>\n<meta name=\"twitter:card\" content=\"summary_large_image\" \/>\n<script type=\"application\/ld+json\" class=\"yoast-schema-graph\">{\"@context\":\"https:\\\/\\\/schema.org\",\"@graph\":[{\"@type\":\"WebPage\",\"@id\":\"https:\\\/\\\/www.jezdeckyklubmnisek.cz\\\/?page_id=73\",\"url\":\"https:\\\/\\\/www.jezdeckyklubmnisek.cz\\\/?page_id=73\",\"name\":\"pro seniory - jezdeckyklubmnisek.cz\",\"isPartOf\":{\"@id\":\"https:\\\/\\\/www.jezdeckyklubmnisek.cz\\\/#website\"},\"primaryImageOfPage\":{\"@id\":\"https:\\\/\\\/www.jezdeckyklubmnisek.cz\\\/?page_id=73#primaryimage\"},\"image\":{\"@id\":\"https:\\\/\\\/www.jezdeckyklubmnisek.cz\\\/?page_id=73#primaryimage\"},\"thumbnailUrl\":\"https:\\\/\\\/www.jezdeckyklubmnisek.cz\\\/wp-content\\\/uploads\\\/2023\\\/10\\\/kun1_web-scaled.jpg\",\"datePublished\":\"2023-10-25T13:56:21+00:00\",\"breadcrumb\":{\"@id\":\"https:\\\/\\\/www.jezdeckyklubmnisek.cz\\\/?page_id=73#breadcrumb\"},\"inLanguage\":\"cs\",\"potentialAction\":[{\"@type\":\"ReadAction\",\"target\":[\"https:\\\/\\\/www.jezdeckyklubmnisek.cz\\\/?page_id=73\"]}]},{\"@type\":\"ImageObject\",\"inLanguage\":\"cs\",\"@id\":\"https:\\\/\\\/www.jezdeckyklubmnisek.cz\\\/?page_id=73#primaryimage\",\"url\":\"https:\\\/\\\/www.jezdeckyklubmnisek.cz\\\/wp-content\\\/uploads\\\/2023\\\/10\\\/kun1_web-scaled.jpg\",\"contentUrl\":\"https:\\\/\\\/www.jezdeckyklubmnisek.cz\\\/wp-content\\\/uploads\\\/2023\\\/10\\\/kun1_web-scaled.jpg\",\"width\":2560,\"height\":1707},{\"@type\":\"BreadcrumbList\",\"@id\":\"https:\\\/\\\/www.jezdeckyklubmnisek.cz\\\/?page_id=73#breadcrumb\",\"itemListElement\":[{\"@type\":\"ListItem\",\"position\":1,\"name\":\"Dom\u016f\",\"item\":\"https:\\\/\\\/www.jezdeckyklubmnisek.cz\\\/\"},{\"@type\":\"ListItem\",\"position\":2,\"name\":\"pro seniory\"}]},{\"@type\":\"WebSite\",\"@id\":\"https:\\\/\\\/www.jezdeckyklubmnisek.cz\\\/#website\",\"url\":\"https:\\\/\\\/www.jezdeckyklubmnisek.cz\\\/\",\"name\":\"jezdeckyklubmnisek.cz\",\"description\":\"\",\"potentialAction\":[{\"@type\":\"SearchAction\",\"target\":{\"@type\":\"EntryPoint\",\"urlTemplate\":\"https:\\\/\\\/www.jezdeckyklubmnisek.cz\\\/?s={search_term_string}\"},\"query-input\":{\"@type\":\"PropertyValueSpecification\",\"valueRequired\":true,\"valueName\":\"search_term_string\"}}],\"inLanguage\":\"cs\"}]}<\/script>\n<!-- \/ Yoast SEO plugin. -->","yoast_head_json":{"title":"pro seniory - jezdeckyklubmnisek.cz","robots":{"index":"index","follow":"follow","max-snippet":"max-snippet:-1","max-image-preview":"max-image-preview:large","max-video-preview":"max-video-preview:-1"},"canonical":"https:\/\/www.jezdeckyklubmnisek.cz\/?page_id=73","og_locale":"cs_CZ","og_type":"article","og_title":"pro seniory - jezdeckyklubmnisek.cz","og_description":"Senior\u016fm, nebo jejich domov\u016f nab\u00edz\u00edme n\u00e1v\u0161t\u011bvu pony u nich v domov\u011b senior\u016f. Nic nezvedne tak dob\u0159e n\u00e1ladu, jako mo\u017enost pohlazen\u00ed ponyho na vlastn\u00ed k\u016f\u017ei. Sebou p\u0159ivezeme tak\u00e9 krmen\u00ed, kter\u00e9 m\u016f\u017eete zv\u00ed\u0159\u00e1tk\u016fm nab\u00eddnout bez toho, aby jim ubl\u00ed\u017eilo. Objednat term\u00edn a m\u00edsto m\u016f\u017eete na na\u0161ich kontaktech","og_url":"https:\/\/www.jezdeckyklubmnisek.cz\/?page_id=73","og_site_name":"jezdeckyklubmnisek.cz","og_image":[{"width":2560,"height":1707,"url":"https:\/\/www.jezdeckyklubmnisek.cz\/wp-content\/uploads\/2023\/10\/kun1_web-scaled.jpg","type":"image\/jpeg"}],"twitter_card":"summary_large_image","schema":{"@context":"https:\/\/schema.org","@graph":[{"@type":"WebPage","@id":"https:\/\/www.jezdeckyklubmnisek.cz\/?page_id=73","url":"https:\/\/www.jezdeckyklubmnisek.cz\/?page_id=73","name":"pro seniory - jezdeckyklubmnisek.cz","isPartOf":{"@id":"https:\/\/www.jezdeckyklubmnisek.cz\/#website"},"primaryImageOfPage":{"@id":"https:\/\/www.jezdeckyklubmnisek.cz\/?page_id=73#primaryimage"},"image":{"@id":"https:\/\/www.jezdeckyklubmnisek.cz\/?page_id=73#primaryimage"},"thumbnailUrl":"https:\/\/www.jezdeckyklubmnisek.cz\/wp-content\/uploads\/2023\/10\/kun1_web-scaled.jpg","datePublished":"2023-10-25T13:56:21+00:00","breadcrumb":{"@id":"https:\/\/www.jezdeckyklubmnisek.cz\/?page_id=73#breadcrumb"},"inLanguage":"cs","potentialAction":[{"@type":"ReadAction","target":["https:\/\/www.jezdeckyklubmnisek.cz\/?page_id=73"]}]},{"@type":"ImageObject","inLanguage":"cs","@id":"https:\/\/www.jezdeckyklubmnisek.cz\/?page_id=73#primaryimage","url":"https:\/\/www.jezdeckyklubmnisek.cz\/wp-content\/uploads\/2023\/10\/kun1_web-scaled.jpg","contentUrl":"https:\/\/www.jezdeckyklubmnisek.cz\/wp-content\/uploads\/2023\/10\/kun1_web-scaled.jpg","width":2560,"height":1707},{"@type":"BreadcrumbList","@id":"https:\/\/www.jezdeckyklubmnisek.cz\/?page_id=73#breadcrumb","itemListElement":[{"@type":"ListItem","position":1,"name":"Dom\u016f","item":"https:\/\/www.jezdeckyklubmnisek.cz\/"},{"@type":"ListItem","position":2,"name":"pro seniory"}]},{"@type":"WebSite","@id":"https:\/\/www.jezdeckyklubmnisek.cz\/#website","url":"https:\/\/www.jezdeckyklubmnisek.cz\/","name":"jezdeckyklubmnisek.cz","description":"","potentialAction":[{"@type":"SearchAction","target":{"@type":"EntryPoint","urlTemplate":"https:\/\/www.jezdeckyklubmnisek.cz\/?s={search_term_string}"},"query-input":{"@type":"PropertyValueSpecification","valueRequired":true,"valueName":"search_term_string"}}],"inLanguage":"cs"}]}},"_links":{"self":[{"href":"https:\/\/www.jezdeckyklubmnisek.cz\/index.php?rest_route=\/wp\/v2\/pages\/73","targetHints":{"allow":["GET"]}}],"collection":[{"href":"https:\/\/www.jezdeckyklubmnisek.cz\/index.php?rest_route=\/wp\/v2\/pages"}],"about":[{"href":"https:\/\/www.jezdeckyklubmnisek.cz\/index.php?rest_route=\/wp\/v2\/types\/page"}],"author":[{"embeddable":true,"href":"https:\/\/www.jezdeckyklubmnisek.cz\/index.php?rest_route=\/wp\/v2\/users\/1"}],"replies":[{"embeddable":true,"href":"https:\/\/www.jezdeckyklubmnisek.cz\/index.php?rest_route=%2Fwp%2Fv2%2Fcomments&post=73"}],"version-history":[{"count":1,"href":"https:\/\/www.jezdeckyklubmnisek.cz\/index.php?rest_route=\/wp\/v2\/pages\/73\/revisions"}],"predecessor-version":[{"id":74,"href":"https:\/\/www.jezdeckyklubmnisek.cz\/index.php?rest_route=\/wp\/v2\/pages\/73\/revisions\/74"}],"wp:featuredmedia":[{"embeddable":true,"href":"https:\/\/www.jezdeckyklubmnisek.cz\/index.php?rest_route=\/wp\/v2\/media\/54"}],"wp:attachment":[{"href":"https:\/\/www.jezdeckyklubmnisek.cz\/index.php?rest_route=%2Fwp%2Fv2%2Fmedia&parent=73"}],"curies":[{"name":"wp","href":"https:\/\/api.w.org\/{rel}","templated":true}]}}